{"id":1675,"date":"2023-09-11T20:51:22","date_gmt":"2023-09-11T18:51:22","guid":{"rendered":"https:\/\/shotify.tn\/services\/?post_type=product&#038;p=1675"},"modified":"2025-06-09T00:53:16","modified_gmt":"2025-06-08T22:53:16","slug":"graduation","status":"publish","type":"product","link":"https:\/\/shotify.tn\/services\/produit\/graduation\/","title":{"rendered":"Box Shooting GradBox"},"content":{"rendered":"<p><strong>Box Shooting <span data-sheets-value=\"{&quot;1&quot;:2,&quot;2&quot;:&quot;GradBox&quot;}\" data-sheets-userformat=\"{&quot;2&quot;:513,&quot;3&quot;:{&quot;1&quot;:0},&quot;12&quot;:0}\">GradBox<\/span><\/strong>\u00a0\ud83d\udcf8\u2728<\/p>\n<p>C\u00e9l\u00e9brez votre triomphe acad\u00e9mique avec le luxe que vous m\u00e9ritez. D\u00e9couvrez notre offre exclusive de s\u00e9ance photo \u00e0 th\u00e8me &#8211; Remise de Dipl\u00f4me, un rendez-vous incontournable pour graver dans le marbre votre moment de gloire.<\/p>\n<p>\ud83c\udf93 <strong>Que vous soyez en solo ou en groupe,<\/strong> Shotify sublime chaque sourire, chaque \u00e9motion, avec un style unique qui est le v\u00f4tre.<\/p>\n<p><strong>Nos options sur-mesure pour chaque dipl\u00f4m\u00e9 :<\/strong><\/p>\n<p>\u2728 <strong>Box A &#8211; \u00ab\u00a0Soyez Unique\u00a0\u00bb<\/strong> \u00e0 DT89 (au lieu de DT140) :<\/p>\n<ul>\n<li>10 photos, 1 look<\/li>\n<li>1 personne<\/li>\n<li>30 min de s\u00e9ance, dont 3 photos retouch\u00e9es \u00e0 la perfection.<\/li>\n<li>Galerie en ligne pour le choix du th\u00e8me et bien plus encore.<\/li>\n<\/ul>\n<p>\u2728 <strong>Box A+ &#8211; \u00ab\u00a0Soyez Sp\u00e9cial\u00a0\u00bb<\/strong> \u00e0 DT149 (au lieu de DT220) :<\/p>\n<ul>\n<li>10 photos + Story\/Reel, 1 look<\/li>\n<li>1 personne<\/li>\n<li>1h de s\u00e9ance avec 4 photos retouch\u00e9es \u00e0 la perfection.<\/li>\n<li>Choix entre 3 th\u00e8mes somptueux pour une touche personnalis\u00e9e.<\/li>\n<\/ul>\n<p>\u2728 <strong>Box A++ &#8211; \u00a0\u00bb Soyez victorieux \u00ab\u00a0<\/strong> \u00e0 DT229 (au lieu de DT350) :<\/p>\n<ul>\n<li>20 photos + 2 Stories\/Reels pour tout un groupe !<\/li>\n<li>1-3 personnes<\/li>\n<li>2h de magie et 10 photos retouch\u00e9es \u00e0 la perfection.<\/li>\n<li>5 th\u00e8mes exclusifs pour immortaliser votre jour J.<\/li>\n<\/ul>\n<p>R\u00e9servez votre box d\u00e8s maintenant, et laissez Shotify transformer votre remise de dipl\u00f4me en une \u0153uvre d&rsquo;art inoubliable.<\/p>\n<p>Shooting Ext\u00e9rieur : Suppl\u00e9ment 50 dinars Grand Tunis<\/p>\n<p>\ud83c\udf89\ud83e\udd42<strong>Chaque moment, chaque \u00e9motion, captur\u00e9e \u00e0 la perfection &#8211; uniquement chez Shotify.<\/strong> \ud83e\udd42\ud83c\udf89<\/p>\n<p><strong>R\u00e9servez d\u00e8s aujourd&rsquo;hui!<\/strong> <em>(offres sur r\u00e9servation uniquement)<\/em><\/p>\n","protected":false},"excerpt":{"rendered":"<p>Box Shooting GradBox\u00a0\ud83d\udcf8\u2728 C\u00e9l\u00e9brez votre triomphe acad\u00e9mique avec le luxe que vous m\u00e9ritez. D\u00e9couvrez notre offre exclusive de s\u00e9ance photo \u00e0 th\u00e8me &#8211; Remise de&#8230;<\/p>\n","protected":false},"featured_media":1989,"comment_status":"open","ping_status":"closed","template":"","meta":[],"product_cat":[29],"product_tag":[],"class_list":{"0":"post-1675","1":"product","2":"type-product","3":"status-publish","4":"has-post-thumbnail","6":"product_cat-personnel","8":"first","9":"instock","10":"sale","11":"shipping-taxable","12":"purchasable","13":"product-type-variable"},"etheme_brands":{"errors":{"invalid_taxonomy":["Taxonomie non valide."]},"error_data":[]},"jetpack_sharing_enabled":true,"_links":{"self":[{"href":"https:\/\/shotify.tn\/services\/wp-json\/wp\/v2\/product\/1675","targetHints":{"allow":["GET"]}}],"collection":[{"href":"https:\/\/shotify.tn\/services\/wp-json\/wp\/v2\/product"}],"about":[{"href":"https:\/\/shotify.tn\/services\/wp-json\/wp\/v2\/types\/product"}],"replies":[{"embeddable":true,"href":"https:\/\/shotify.tn\/services\/wp-json\/wp\/v2\/comments?post=1675"}],"version-history":[{"count":4,"href":"https:\/\/shotify.tn\/services\/wp-json\/wp\/v2\/product\/1675\/revisions"}],"predecessor-version":[{"id":2012,"href":"https:\/\/shotify.tn\/services\/wp-json\/wp\/v2\/product\/1675\/revisions\/2012"}],"wp:featuredmedia":[{"embeddable":true,"href":"https:\/\/shotify.tn\/services\/wp-json\/wp\/v2\/media\/1989"}],"wp:attachment":[{"href":"https:\/\/shotify.tn\/services\/wp-json\/wp\/v2\/media?parent=1675"}],"wp:term":[{"taxonomy":"product_cat","embeddable":true,"href":"https:\/\/shotify.tn\/services\/wp-json\/wp\/v2\/product_cat?post=1675"},{"taxonomy":"product_tag","embeddable":true,"href":"https:\/\/shotify.tn\/services\/wp-json\/wp\/v2\/product_tag?post=1675"}],"curies":[{"name":"wp","href":"https:\/\/api.w.org\/{rel}","templated":true}]}}