{"id":1881,"date":"2023-10-20T14:41:45","date_gmt":"2023-10-20T12:41:45","guid":{"rendered":"https:\/\/shotify.tn\/services\/?post_type=product&#038;p=1881"},"modified":"2024-07-21T07:38:30","modified_gmt":"2024-07-21T05:38:30","slug":"box-birthday-vip","status":"publish","type":"product","link":"https:\/\/shotify.tn\/services\/produit\/box-birthday-vip\/","title":{"rendered":"Box Birthday VIP"},"content":{"rendered":"<hr \/>\n<h3>Box Shooting Anniversaire : S\u00e9ance Photo \u00e0 Th\u00e8me pour Votre Journ\u00e9e Sp\u00e9ciale \ud83c\udf89\u2728<\/h3>\n<p>Vivez un moment magique avec notre Box Shooting Anniversaire, sp\u00e9cialement con\u00e7ue pour immortaliser votre journ\u00e9e sp\u00e9ciale dans une ambiance festive et sur-mesure.<\/p>\n<p><strong>Nos options sur-mesure pour chaque dipl\u00f4m\u00e9 :<\/strong><\/p>\n<p><strong>\ud83c\udf1f Pack VIP &#8211; Soyez Unique :<\/strong> 180 dinars<\/p>\n<ul>\n<li>15 photos sublimes<\/li>\n<li>45 min de pur bonheur en studio<\/li>\n<li>1 tenue \u00e9l\u00e9gante, pour capturer votre style<\/li>\n<li>10 photos en haute qualit\u00e9 + 5 photos retouch\u00e9es avec soin (Beaut\u00e9 + Silhouette + Artistique)<\/li>\n<li>Un choix vari\u00e9 de th\u00e8mes et d\u00e9corations uniques, s\u00e9lectionnables depuis notre galerie en ligne<\/li>\n<\/ul>\n<p><strong>\ud83d\udc8e Pack Gold &#8211; Soyez Sp\u00e9cial :<\/strong> 240 dinars<\/p>\n<ul>\n<li>15 photos + Reel + G\u00e2teau<\/li>\n<li>1h30 de shooting pour plus de souvenirs<\/li>\n<li>12 photos en haute qualit\u00e9 + 8 retouches VIP<\/li>\n<li>Une session en studio riche en couleurs et en \u00e9motions<\/li>\n<li>Choix entre 3 th\u00e8mes exclusifs, pour une exp\u00e9rience vraiment \u00e0 votre image<\/li>\n<\/ul>\n<p><strong>\ud83d\udcb0 Pack Billionaire &#8211; Soyez la Reine :<\/strong> 299 dinars<\/p>\n<ul>\n<li>20 photos + 2 Reels + G\u00e2teau, pour un festin visuel<\/li>\n<li>2h de shooting, 2 tenues et une multitude de souvenirs<\/li>\n<li>20 photos en haute qualit\u00e9 + 10 retouches VIP<\/li>\n<li>Des d\u00e9cors sp\u00e9ciaux et uniques, avec un choix entre 5 th\u00e8mes via notre galerie<\/li>\n<\/ul>\n<p><strong>Suppl\u00e9ments Disponibles :<\/strong><\/p>\n<ul>\n<li>G\u00e2teau personnalis\u00e9, D\u00e9co sur mesure, Mise en beaut\u00e9 et plus<\/li>\n<li>Albums, tirages, et options de livraison des photos (DVD, USB)<\/li>\n<li>Possibilit\u00e9 d&rsquo;ajouter une personne suppl\u00e9mentaire \u00e0 votre session<\/li>\n<\/ul>\n<p>\ud83d\udcf8 R\u00e9servez votre s\u00e9ance d\u00e8s maintenant et laissez-nous cr\u00e9er ensemble des souvenirs qui dureront toute une vie. <strong>Box Shooting Anniversaire<\/strong>, parce que chaque ann\u00e9e m\u00e9rite d\u2019\u00eatre c\u00e9l\u00e9br\u00e9e avec \u00e9clat !<\/p>\n<p>Shooting Ext\u00e9rieur : Suppl\u00e9ment 50 dinars Grand Tunis<\/p>\n<p>\ud83c\udf89\ud83e\udd42<strong>Chaque moment, chaque \u00e9motion, captur\u00e9e \u00e0 la perfection &#8211; uniquement chez Shotify.<\/strong> \ud83e\udd42\ud83c\udf89<\/p>\n<p><strong>R\u00e9servez d\u00e8s aujourd&rsquo;hui!<\/strong> <em>(offres sur r\u00e9servation uniquement)<\/em><\/p>\n","protected":false},"excerpt":{"rendered":"<p>Box Shooting Anniversaire : S\u00e9ance Photo \u00e0 Th\u00e8me pour Votre Journ\u00e9e Sp\u00e9ciale \ud83c\udf89\u2728 Vivez un moment magique avec notre Box Shooting Anniversaire, sp\u00e9cialement con\u00e7ue pour&#8230;<\/p>\n","protected":false},"featured_media":1936,"comment_status":"open","ping_status":"closed","template":"","meta":[],"product_cat":[29],"product_tag":[],"class_list":{"0":"post-1881","1":"product","2":"type-product","3":"status-publish","4":"has-post-thumbnail","6":"product_cat-personnel","8":"first","9":"instock","10":"sale","11":"shipping-taxable","12":"purchasable","13":"product-type-variable"},"etheme_brands":{"errors":{"invalid_taxonomy":["Taxonomie non valide."]},"error_data":[]},"jetpack_sharing_enabled":true,"_links":{"self":[{"href":"https:\/\/shotify.tn\/services\/wp-json\/wp\/v2\/product\/1881","targetHints":{"allow":["GET"]}}],"collection":[{"href":"https:\/\/shotify.tn\/services\/wp-json\/wp\/v2\/product"}],"about":[{"href":"https:\/\/shotify.tn\/services\/wp-json\/wp\/v2\/types\/product"}],"replies":[{"embeddable":true,"href":"https:\/\/shotify.tn\/services\/wp-json\/wp\/v2\/comments?post=1881"}],"version-history":[{"count":2,"href":"https:\/\/shotify.tn\/services\/wp-json\/wp\/v2\/product\/1881\/revisions"}],"predecessor-version":[{"id":2045,"href":"https:\/\/shotify.tn\/services\/wp-json\/wp\/v2\/product\/1881\/revisions\/2045"}],"wp:featuredmedia":[{"embeddable":true,"href":"https:\/\/shotify.tn\/services\/wp-json\/wp\/v2\/media\/1936"}],"wp:attachment":[{"href":"https:\/\/shotify.tn\/services\/wp-json\/wp\/v2\/media?parent=1881"}],"wp:term":[{"taxonomy":"product_cat","embeddable":true,"href":"https:\/\/shotify.tn\/services\/wp-json\/wp\/v2\/product_cat?post=1881"},{"taxonomy":"product_tag","embeddable":true,"href":"https:\/\/shotify.tn\/services\/wp-json\/wp\/v2\/product_tag?post=1881"}],"curies":[{"name":"wp","href":"https:\/\/api.w.org\/{rel}","templated":true}]}}