{"id":1967,"date":"2023-11-16T19:01:29","date_gmt":"2023-11-16T18:01:29","guid":{"rendered":"https:\/\/shotify.tn\/services\/?post_type=product&#038;p=1967"},"modified":"2025-09-01T03:08:07","modified_gmt":"2025-09-01T01:08:07","slug":"box-career","status":"publish","type":"product","link":"https:\/\/shotify.tn\/services\/produit\/box-career\/","title":{"rendered":"Box Career +"},"content":{"rendered":"<p><em><strong>Box Career + : Votre Portrait Professionnel Sublim\u00e9 pour LinkedIn et CV \ud83c\udf1f\ud83d\udcbc<\/strong><\/em><\/p>\n<p>Distinguez-vous dans le monde professionnel avec notre Box Career +, sp\u00e9cialement con\u00e7ue pour enrichir votre profil LinkedIn et votre CV avec des photos de haute qualit\u00e9 qui refl\u00e8tent votre professionnalisme.<\/p>\n<p>&#8212;<\/p>\n<p><strong>\ud83d\udcf8 Box Standard &#8211; Juste l&rsquo;Essentiel : <\/strong>89 Dinars<br \/>\n&#8211; <strong>30 minutes de s\u00e9ance photo :<\/strong> rapide et efficace pour s&rsquo;adapter \u00e0 votre emploi du temps charg\u00e9.<br \/>\n&#8211; <strong>10 photos :<\/strong> une s\u00e9lection vari\u00e9e pour trouver la perle qui vous repr\u00e9sente au mieux.<br \/>\n&#8211; <strong>D\u00e9coration simple mais \u00e9l\u00e9gante :<\/strong> choisissez entre un fond Noir, Blanc ou Bleu, pour un rendu sobre et professionnel.<br \/>\n&#8211; <strong>Un \u00e9clairage parfait :<\/strong> nous utilisons des techniques d&rsquo;\u00e9clairage avanc\u00e9es pour mettre en valeur vos traits et refl\u00e9ter votre s\u00e9rieux et votre dynamisme.<\/p>\n<p>&#8212;<\/p>\n<p>Que vous soyez un jeune dipl\u00f4m\u00e9 pr\u00eat \u00e0 conqu\u00e9rir le monde, un professionnel chevronn\u00e9 cherchant \u00e0 rafra\u00eechir son image, ou un entrepreneur souhaitant capter l&rsquo;attention, notre Box Career + est la solution id\u00e9ale pour vous.<\/p>\n<p>Nous comprenons l&rsquo;importance d&rsquo;une premi\u00e8re impression dans le monde professionnel. C&rsquo;est pourquoi nous vous offrons des clich\u00e9s qui parlent d&rsquo;eux-m\u00eames, v\u00e9hiculant confiance, comp\u00e9tence et professionnalisme.<\/p>\n<p><em><strong>Votre succ\u00e8s commence par une image forte.<\/strong><\/em> Avec Box Career +, franchissez un nouveau pas vers l&rsquo;excellence professionnelle. R\u00e9servez votre s\u00e9ance d\u00e8s maintenant et pr\u00e9parez-vous \u00e0 briller sur LinkedIn et dans votre CV !<\/p>\n<p>&nbsp;<\/p>\n","protected":false},"excerpt":{"rendered":"<p>Box Career + : Votre Portrait Professionnel Sublim\u00e9 pour LinkedIn et CV \ud83c\udf1f\ud83d\udcbc Distinguez-vous dans le monde professionnel avec notre Box Career +, sp\u00e9cialement con\u00e7ue&#8230;<\/p>\n","protected":false},"featured_media":1972,"comment_status":"open","ping_status":"closed","template":"","meta":[],"product_cat":[29],"product_tag":[],"class_list":{"0":"post-1967","1":"product","2":"type-product","3":"status-publish","4":"has-post-thumbnail","6":"product_cat-personnel","8":"first","9":"instock","10":"sale","11":"shipping-taxable","12":"purchasable","13":"product-type-variable"},"etheme_brands":{"errors":{"invalid_taxonomy":["Taxonomie non valide."]},"error_data":[]},"jetpack_sharing_enabled":true,"_links":{"self":[{"href":"https:\/\/shotify.tn\/services\/wp-json\/wp\/v2\/product\/1967","targetHints":{"allow":["GET"]}}],"collection":[{"href":"https:\/\/shotify.tn\/services\/wp-json\/wp\/v2\/product"}],"about":[{"href":"https:\/\/shotify.tn\/services\/wp-json\/wp\/v2\/types\/product"}],"replies":[{"embeddable":true,"href":"https:\/\/shotify.tn\/services\/wp-json\/wp\/v2\/comments?post=1967"}],"version-history":[{"count":3,"href":"https:\/\/shotify.tn\/services\/wp-json\/wp\/v2\/product\/1967\/revisions"}],"predecessor-version":[{"id":2023,"href":"https:\/\/shotify.tn\/services\/wp-json\/wp\/v2\/product\/1967\/revisions\/2023"}],"wp:featuredmedia":[{"embeddable":true,"href":"https:\/\/shotify.tn\/services\/wp-json\/wp\/v2\/media\/1972"}],"wp:attachment":[{"href":"https:\/\/shotify.tn\/services\/wp-json\/wp\/v2\/media?parent=1967"}],"wp:term":[{"taxonomy":"product_cat","embeddable":true,"href":"https:\/\/shotify.tn\/services\/wp-json\/wp\/v2\/product_cat?post=1967"},{"taxonomy":"product_tag","embeddable":true,"href":"https:\/\/shotify.tn\/services\/wp-json\/wp\/v2\/product_tag?post=1967"}],"curies":[{"name":"wp","href":"https:\/\/api.w.org\/{rel}","templated":true}]}}